{"id":823,"date":"2025-06-19T13:51:49","date_gmt":"2025-06-19T13:51:49","guid":{"rendered":"https:\/\/chinafoods.ch\/?page_id=823"},"modified":"2025-12-24T10:35:55","modified_gmt":"2025-12-24T10:35:55","slug":"5-tages-training-shanghai","status":"publish","type":"page","link":"https:\/\/chinafoods.ch\/zh\/5-tages-training-shanghai\/","title":{"rendered":"2026\u5e74\u4e0a\u6d775\u5929\u57f9\u8bad"},"content":{"rendered":"","protected":false},"excerpt":{"rendered":"","protected":false},"author":8,"featured_media":0,"parent":0,"menu_order":0,"comment_status":"closed","ping_status":"closed","template":"","meta":{"_monsterinsights_skip_tracking":false,"_monsterinsights_sitenote_active":false,"_monsterinsights_sitenote_note":"","_monsterinsights_sitenote_category":0,"footnotes":""},"class_list":["post-823","page","type-page","status-publish","hentry"],"yoast_head":"<!-- This site is optimized with the Yoast SEO plugin v27.3 - https:\/\/yoast.com\/product\/yoast-seo-wordpress\/ -->\n<title>5-Tages-Lehrgang f\u00fcr K\u00f6che in Shanghai | Apr, Mai &amp; Nov 2026<\/title>\n<meta name=\"description\" content=\"Lehrgang f\u00fcr K\u00f6che und Ausbildende in Shanghai: 5 Tage chinesische K\u00fcche erleben \u2013 inkl. Unterkunft, Begleitung &amp; kulturelle Hightlights.\" \/>\n<meta name=\"robots\" content=\"index, follow, max-snippet:-1, max-image-preview:large, max-video-preview:-1\" \/>\n<link rel=\"canonical\" href=\"https:\/\/chinafoods.ch\/zh\/5-tages-training-shanghai\/\" \/>\n<meta property=\"og:locale\" content=\"zh_CN\" \/>\n<meta property=\"og:type\" content=\"article\" \/>\n<meta property=\"og:title\" content=\"5-Tages-Lehrgang f\u00fcr K\u00f6che in Shanghai | Apr, Mai &amp; Nov 2026\" \/>\n<meta property=\"og:description\" content=\"Lehrgang f\u00fcr K\u00f6che und Ausbildende in Shanghai: 5 Tage chinesische K\u00fcche erleben \u2013 inkl. Unterkunft, Begleitung &amp; kulturelle Hightlights.\" \/>\n<meta property=\"og:url\" content=\"https:\/\/chinafoods.ch\/zh\/5-tages-training-shanghai\/\" \/>\n<meta property=\"og:site_name\" content=\"China Foods Alliance\" \/>\n<meta property=\"article:publisher\" content=\"https:\/\/www.facebook.com\/chinafoods.ch\" \/>\n<meta property=\"article:modified_time\" content=\"2025-12-24T10:35:55+00:00\" \/>\n<meta property=\"og:image\" content=\"https:\/\/chinafoods.ch\/wp-content\/uploads\/2025\/05\/mybow-Flyer-2024-210-x-148-mm-2.jpg\" \/>\n\t<meta property=\"og:image:width\" content=\"2000\" \/>\n\t<meta property=\"og:image:height\" content=\"1410\" \/>\n\t<meta property=\"og:image:type\" content=\"image\/jpeg\" \/>\n<meta name=\"twitter:card\" content=\"summary_large_image\" \/>\n<meta name=\"twitter:label1\" content=\"\u9884\u8ba1\u9605\u8bfb\u65f6\u95f4\" \/>\n\t<meta name=\"twitter:data1\" content=\"5 \u5206\" \/>\n<script type=\"application\/ld+json\" class=\"yoast-schema-graph\">{\"@context\":\"https:\\\/\\\/schema.org\",\"@graph\":[{\"@type\":\"WebPage\",\"@id\":\"https:\\\/\\\/chinafoods.ch\\\/5-tages-training-shanghai\\\/\",\"url\":\"https:\\\/\\\/chinafoods.ch\\\/5-tages-training-shanghai\\\/\",\"name\":\"5-Tages-Lehrgang f\u00fcr K\u00f6che in Shanghai | Apr, Mai & Nov 2026\",\"isPartOf\":{\"@id\":\"https:\\\/\\\/chinafoods.ch\\\/#website\"},\"datePublished\":\"2025-06-19T13:51:49+00:00\",\"dateModified\":\"2025-12-24T10:35:55+00:00\",\"description\":\"Lehrgang f\u00fcr K\u00f6che und Ausbildende in Shanghai: 5 Tage chinesische K\u00fcche erleben \u2013 inkl. Unterkunft, Begleitung & kulturelle Hightlights.\",\"breadcrumb\":{\"@id\":\"https:\\\/\\\/chinafoods.ch\\\/5-tages-training-shanghai\\\/#breadcrumb\"},\"inLanguage\":\"zh-Hans\",\"potentialAction\":[{\"@type\":\"ReadAction\",\"target\":[\"https:\\\/\\\/chinafoods.ch\\\/5-tages-training-shanghai\\\/\"]}]},{\"@type\":\"BreadcrumbList\",\"@id\":\"https:\\\/\\\/chinafoods.ch\\\/5-tages-training-shanghai\\\/#breadcrumb\",\"itemListElement\":[{\"@type\":\"ListItem\",\"position\":1,\"name\":\"Startseite\",\"item\":\"https:\\\/\\\/chinafoods.ch\\\/\"},{\"@type\":\"ListItem\",\"position\":2,\"name\":\"5-Tages-Training-Shanghai 2026\"}]},{\"@type\":\"WebSite\",\"@id\":\"https:\\\/\\\/chinafoods.ch\\\/#website\",\"url\":\"https:\\\/\\\/chinafoods.ch\\\/\",\"name\":\"China Foods Alliance\",\"description\":\"We build culinary bridges\",\"publisher\":{\"@id\":\"https:\\\/\\\/chinafoods.ch\\\/#organization\"},\"alternateName\":\"mybow gmbh\",\"potentialAction\":[{\"@type\":\"SearchAction\",\"target\":{\"@type\":\"EntryPoint\",\"urlTemplate\":\"https:\\\/\\\/chinafoods.ch\\\/?s={search_term_string}\"},\"query-input\":{\"@type\":\"PropertyValueSpecification\",\"valueRequired\":true,\"valueName\":\"search_term_string\"}}],\"inLanguage\":\"zh-Hans\"},{\"@type\":\"Organization\",\"@id\":\"https:\\\/\\\/chinafoods.ch\\\/#organization\",\"name\":\"China Foods\",\"alternateName\":\"mybow gmbh\",\"url\":\"https:\\\/\\\/chinafoods.ch\\\/\",\"logo\":{\"@type\":\"ImageObject\",\"inLanguage\":\"zh-Hans\",\"@id\":\"https:\\\/\\\/chinafoods.ch\\\/#\\\/schema\\\/logo\\\/image\\\/\",\"url\":\"https:\\\/\\\/chinafoods.ch\\\/wp-content\\\/uploads\\\/2025\\\/05\\\/CFA-logos-15.png\",\"contentUrl\":\"https:\\\/\\\/chinafoods.ch\\\/wp-content\\\/uploads\\\/2025\\\/05\\\/CFA-logos-15.png\",\"width\":1563,\"height\":1563,\"caption\":\"China Foods\"},\"image\":{\"@id\":\"https:\\\/\\\/chinafoods.ch\\\/#\\\/schema\\\/logo\\\/image\\\/\"},\"sameAs\":[\"https:\\\/\\\/www.facebook.com\\\/chinafoods.ch\"]}]}<\/script>\n<!-- \/ Yoast SEO plugin. -->","yoast_head_json":{"title":"\u4e0a\u6d77\u53a8\u5e085\u5929\u57f9\u8bad\u8bfe\u7a0b | 2026\u5e744\u6708\u30015\u6708\u548c11\u6708","description":"\u4e0a\u6d77\u53a8\u5e08\u548c\u57f9\u8bad\u5e08\u57f9\u8bad\u8bfe\u7a0b\uff1a\u4f53\u9a8c5\u5929\u7684\u4e2d\u56fd\u7f8e\u98df\u2014\u2014\u5305\u62ec\u4f4f\u5bbf\u3001\u966a\u540c\u548c\u6587\u5316\u4eae\u70b9\u3002.","robots":{"index":"index","follow":"follow","max-snippet":"max-snippet:-1","max-image-preview":"max-image-preview:large","max-video-preview":"max-video-preview:-1"},"canonical":"https:\/\/chinafoods.ch\/zh\/5-tages-training-shanghai\/","og_locale":"zh_CN","og_type":"article","og_title":"5-Tages-Lehrgang f\u00fcr K\u00f6che in Shanghai | Apr, Mai & Nov 2026","og_description":"Lehrgang f\u00fcr K\u00f6che und Ausbildende in Shanghai: 5 Tage chinesische K\u00fcche erleben \u2013 inkl. Unterkunft, Begleitung & kulturelle Hightlights.","og_url":"https:\/\/chinafoods.ch\/zh\/5-tages-training-shanghai\/","og_site_name":"China Foods Alliance","article_publisher":"https:\/\/www.facebook.com\/chinafoods.ch","article_modified_time":"2025-12-24T10:35:55+00:00","og_image":[{"width":2000,"height":1410,"url":"https:\/\/chinafoods.ch\/wp-content\/uploads\/2025\/05\/mybow-Flyer-2024-210-x-148-mm-2.jpg","type":"image\/jpeg"}],"twitter_card":"summary_large_image","twitter_misc":{"\u9884\u8ba1\u9605\u8bfb\u65f6\u95f4":"5 \u5206"},"schema":{"@context":"https:\/\/schema.org","@graph":[{"@type":"WebPage","@id":"https:\/\/chinafoods.ch\/5-tages-training-shanghai\/","url":"https:\/\/chinafoods.ch\/5-tages-training-shanghai\/","name":"\u4e0a\u6d77\u53a8\u5e085\u5929\u57f9\u8bad\u8bfe\u7a0b | 2026\u5e744\u6708\u30015\u6708\u548c11\u6708","isPartOf":{"@id":"https:\/\/chinafoods.ch\/#website"},"datePublished":"2025-06-19T13:51:49+00:00","dateModified":"2025-12-24T10:35:55+00:00","description":"\u4e0a\u6d77\u53a8\u5e08\u548c\u57f9\u8bad\u5e08\u57f9\u8bad\u8bfe\u7a0b\uff1a\u4f53\u9a8c5\u5929\u7684\u4e2d\u56fd\u7f8e\u98df\u2014\u2014\u5305\u62ec\u4f4f\u5bbf\u3001\u966a\u540c\u548c\u6587\u5316\u4eae\u70b9\u3002.","breadcrumb":{"@id":"https:\/\/chinafoods.ch\/5-tages-training-shanghai\/#breadcrumb"},"inLanguage":"zh-Hans","potentialAction":[{"@type":"ReadAction","target":["https:\/\/chinafoods.ch\/5-tages-training-shanghai\/"]}]},{"@type":"BreadcrumbList","@id":"https:\/\/chinafoods.ch\/5-tages-training-shanghai\/#breadcrumb","itemListElement":[{"@type":"ListItem","position":1,"name":"Startseite","item":"https:\/\/chinafoods.ch\/"},{"@type":"ListItem","position":2,"name":"5-Tages-Training-Shanghai 2026"}]},{"@type":"WebSite","@id":"https:\/\/chinafoods.ch\/#website","url":"https:\/\/chinafoods.ch\/","name":"\u4e2d\u56fd\u98df\u54c1\u8054\u76df","description":"\u6211\u4eec\u642d\u5efa\u70f9\u996a\u6865\u6881","publisher":{"@id":"https:\/\/chinafoods.ch\/#organization"},"alternateName":"mybow gmbh","potentialAction":[{"@type":"SearchAction","target":{"@type":"EntryPoint","urlTemplate":"https:\/\/chinafoods.ch\/?s={search_term_string}"},"query-input":{"@type":"PropertyValueSpecification","valueRequired":true,"valueName":"search_term_string"}}],"inLanguage":"zh-Hans"},{"@type":"Organization","@id":"https:\/\/chinafoods.ch\/#organization","name":"\u4e2d\u56fd\u98df\u54c1","alternateName":"mybow gmbh","url":"https:\/\/chinafoods.ch\/","logo":{"@type":"ImageObject","inLanguage":"zh-Hans","@id":"https:\/\/chinafoods.ch\/#\/schema\/logo\/image\/","url":"https:\/\/chinafoods.ch\/wp-content\/uploads\/2025\/05\/CFA-logos-15.png","contentUrl":"https:\/\/chinafoods.ch\/wp-content\/uploads\/2025\/05\/CFA-logos-15.png","width":1563,"height":1563,"caption":"China Foods"},"image":{"@id":"https:\/\/chinafoods.ch\/#\/schema\/logo\/image\/"},"sameAs":["https:\/\/www.facebook.com\/chinafoods.ch"]}]}},"_links":{"self":[{"href":"https:\/\/chinafoods.ch\/zh\/wp-json\/wp\/v2\/pages\/823","targetHints":{"allow":["GET"]}}],"collection":[{"href":"https:\/\/chinafoods.ch\/zh\/wp-json\/wp\/v2\/pages"}],"about":[{"href":"https:\/\/chinafoods.ch\/zh\/wp-json\/wp\/v2\/types\/page"}],"author":[{"embeddable":true,"href":"https:\/\/chinafoods.ch\/zh\/wp-json\/wp\/v2\/users\/8"}],"replies":[{"embeddable":true,"href":"https:\/\/chinafoods.ch\/zh\/wp-json\/wp\/v2\/comments?post=823"}],"version-history":[{"count":2,"href":"https:\/\/chinafoods.ch\/zh\/wp-json\/wp\/v2\/pages\/823\/revisions"}],"predecessor-version":[{"id":1799,"href":"https:\/\/chinafoods.ch\/zh\/wp-json\/wp\/v2\/pages\/823\/revisions\/1799"}],"wp:attachment":[{"href":"https:\/\/chinafoods.ch\/zh\/wp-json\/wp\/v2\/media?parent=823"}],"curies":[{"name":"wp","href":"https:\/\/api.w.org\/{rel}","templated":true}]}}