{"id":1227,"date":"2025-07-26T16:35:52","date_gmt":"2025-07-26T16:35:52","guid":{"rendered":"https:\/\/chinafoods.ch\/?page_id=1227"},"modified":"2025-07-26T16:39:00","modified_gmt":"2025-07-26T16:39:00","slug":"kantonesische-kueche-sinmei-cheung","status":"publish","type":"page","link":"https:\/\/chinafoods.ch\/zh\/kantonesische-kueche-sinmei-cheung\/","title":{"rendered":"\u7ca4\u83dc Sinmei Cheung"},"content":{"rendered":"","protected":false},"excerpt":{"rendered":"","protected":false},"author":7,"featured_media":0,"parent":0,"menu_order":0,"comment_status":"closed","ping_status":"closed","template":"","meta":{"_monsterinsights_skip_tracking":false,"_monsterinsights_sitenote_active":false,"_monsterinsights_sitenote_note":"","_monsterinsights_sitenote_category":0,"footnotes":""},"class_list":["post-1227","page","type-page","status-publish","hentry"],"yoast_head":"<!-- This site is optimized with the Yoast SEO plugin v27.3 - https:\/\/yoast.com\/product\/yoast-seo-wordpress\/ -->\n<title>Kantonesische K\u00fcche - Sinmei Cheung | China Foods Alliance<\/title>\n<meta name=\"description\" content=\"K\u00f6chin &amp; Food Consultant Sinmei Cheung zeigt, wie sich die Vielfalt der kantonesischen K\u00fcche mit frischen Schweizer Zutaten verbinden l\u00e4sst.\" \/>\n<meta name=\"robots\" content=\"index, follow, max-snippet:-1, max-image-preview:large, max-video-preview:-1\" \/>\n<link rel=\"canonical\" href=\"https:\/\/chinafoods.ch\/zh\/kantonesische-kueche-sinmei-cheung\/\" \/>\n<meta property=\"og:locale\" content=\"zh_CN\" \/>\n<meta property=\"og:type\" content=\"article\" \/>\n<meta property=\"og:title\" content=\"Kantonesische K\u00fcche - Sinmei Cheung | China Foods Alliance\" \/>\n<meta property=\"og:description\" content=\"K\u00f6chin &amp; Food Consultant Sinmei Cheung zeigt, wie sich die Vielfalt der kantonesischen K\u00fcche mit frischen Schweizer Zutaten verbinden l\u00e4sst.\" \/>\n<meta property=\"og:url\" content=\"https:\/\/chinafoods.ch\/zh\/kantonesische-kueche-sinmei-cheung\/\" \/>\n<meta property=\"og:site_name\" content=\"China Foods Alliance\" \/>\n<meta property=\"article:publisher\" content=\"https:\/\/www.facebook.com\/chinafoods.ch\" \/>\n<meta property=\"article:modified_time\" content=\"2025-07-26T16:39:00+00:00\" \/>\n<meta property=\"og:image\" content=\"https:\/\/chinafoods.ch\/wp-content\/uploads\/2025\/05\/mybow-Flyer-2024-210-x-148-mm-2.jpg\" \/>\n\t<meta property=\"og:image:width\" content=\"2000\" \/>\n\t<meta property=\"og:image:height\" content=\"1410\" \/>\n\t<meta property=\"og:image:type\" content=\"image\/jpeg\" \/>\n<meta name=\"twitter:card\" content=\"summary_large_image\" \/>\n<meta name=\"twitter:label1\" content=\"\u9884\u8ba1\u9605\u8bfb\u65f6\u95f4\" \/>\n\t<meta name=\"twitter:data1\" content=\"2 \u5206\" \/>\n<script type=\"application\/ld+json\" class=\"yoast-schema-graph\">{\"@context\":\"https:\\\/\\\/schema.org\",\"@graph\":[{\"@type\":\"WebPage\",\"@id\":\"https:\\\/\\\/chinafoods.ch\\\/kantonesische-kueche-sinmei-cheung\\\/\",\"url\":\"https:\\\/\\\/chinafoods.ch\\\/kantonesische-kueche-sinmei-cheung\\\/\",\"name\":\"Kantonesische K\u00fcche - Sinmei Cheung | China Foods Alliance\",\"isPartOf\":{\"@id\":\"https:\\\/\\\/chinafoods.ch\\\/#website\"},\"datePublished\":\"2025-07-26T16:35:52+00:00\",\"dateModified\":\"2025-07-26T16:39:00+00:00\",\"description\":\"K\u00f6chin & Food Consultant Sinmei Cheung zeigt, wie sich die Vielfalt der kantonesischen K\u00fcche mit frischen Schweizer Zutaten verbinden l\u00e4sst.\",\"breadcrumb\":{\"@id\":\"https:\\\/\\\/chinafoods.ch\\\/kantonesische-kueche-sinmei-cheung\\\/#breadcrumb\"},\"inLanguage\":\"zh-Hans\",\"potentialAction\":[{\"@type\":\"ReadAction\",\"target\":[\"https:\\\/\\\/chinafoods.ch\\\/kantonesische-kueche-sinmei-cheung\\\/\"]}]},{\"@type\":\"BreadcrumbList\",\"@id\":\"https:\\\/\\\/chinafoods.ch\\\/kantonesische-kueche-sinmei-cheung\\\/#breadcrumb\",\"itemListElement\":[{\"@type\":\"ListItem\",\"position\":1,\"name\":\"Startseite\",\"item\":\"https:\\\/\\\/chinafoods.ch\\\/\"},{\"@type\":\"ListItem\",\"position\":2,\"name\":\"Kantonesische K\u00fcche Sinmei Cheung\"}]},{\"@type\":\"WebSite\",\"@id\":\"https:\\\/\\\/chinafoods.ch\\\/#website\",\"url\":\"https:\\\/\\\/chinafoods.ch\\\/\",\"name\":\"China Foods Alliance\",\"description\":\"We build culinary bridges\",\"publisher\":{\"@id\":\"https:\\\/\\\/chinafoods.ch\\\/#organization\"},\"alternateName\":\"mybow gmbh\",\"potentialAction\":[{\"@type\":\"SearchAction\",\"target\":{\"@type\":\"EntryPoint\",\"urlTemplate\":\"https:\\\/\\\/chinafoods.ch\\\/?s={search_term_string}\"},\"query-input\":{\"@type\":\"PropertyValueSpecification\",\"valueRequired\":true,\"valueName\":\"search_term_string\"}}],\"inLanguage\":\"zh-Hans\"},{\"@type\":\"Organization\",\"@id\":\"https:\\\/\\\/chinafoods.ch\\\/#organization\",\"name\":\"China Foods\",\"alternateName\":\"mybow gmbh\",\"url\":\"https:\\\/\\\/chinafoods.ch\\\/\",\"logo\":{\"@type\":\"ImageObject\",\"inLanguage\":\"zh-Hans\",\"@id\":\"https:\\\/\\\/chinafoods.ch\\\/#\\\/schema\\\/logo\\\/image\\\/\",\"url\":\"https:\\\/\\\/chinafoods.ch\\\/wp-content\\\/uploads\\\/2025\\\/05\\\/CFA-logos-15.png\",\"contentUrl\":\"https:\\\/\\\/chinafoods.ch\\\/wp-content\\\/uploads\\\/2025\\\/05\\\/CFA-logos-15.png\",\"width\":1563,\"height\":1563,\"caption\":\"China Foods\"},\"image\":{\"@id\":\"https:\\\/\\\/chinafoods.ch\\\/#\\\/schema\\\/logo\\\/image\\\/\"},\"sameAs\":[\"https:\\\/\\\/www.facebook.com\\\/chinafoods.ch\"]}]}<\/script>\n<!-- \/ Yoast SEO plugin. -->","yoast_head_json":{"title":"\u7ca4\u83dc - Sinmei Cheung | \u4e2d\u56fd\u98df\u54c1\u8054\u76df","description":"\u53a8\u5e08\u517c\u7f8e\u98df\u987e\u95ee Sinmei Cheung \u5c55\u793a\u4e86\u7ca4\u83dc\u7684\u591a\u6837\u6027\u5982\u4f55\u4e0e\u65b0\u9c9c\u7684\u745e\u58eb\u98df\u6750\u76f8\u7ed3\u5408\u3002","robots":{"index":"index","follow":"follow","max-snippet":"max-snippet:-1","max-image-preview":"max-image-preview:large","max-video-preview":"max-video-preview:-1"},"canonical":"https:\/\/chinafoods.ch\/zh\/kantonesische-kueche-sinmei-cheung\/","og_locale":"zh_CN","og_type":"article","og_title":"Kantonesische K\u00fcche - Sinmei Cheung | China Foods Alliance","og_description":"K\u00f6chin & Food Consultant Sinmei Cheung zeigt, wie sich die Vielfalt der kantonesischen K\u00fcche mit frischen Schweizer Zutaten verbinden l\u00e4sst.","og_url":"https:\/\/chinafoods.ch\/zh\/kantonesische-kueche-sinmei-cheung\/","og_site_name":"China Foods Alliance","article_publisher":"https:\/\/www.facebook.com\/chinafoods.ch","article_modified_time":"2025-07-26T16:39:00+00:00","og_image":[{"width":2000,"height":1410,"url":"https:\/\/chinafoods.ch\/wp-content\/uploads\/2025\/05\/mybow-Flyer-2024-210-x-148-mm-2.jpg","type":"image\/jpeg"}],"twitter_card":"summary_large_image","twitter_misc":{"\u9884\u8ba1\u9605\u8bfb\u65f6\u95f4":"2 \u5206"},"schema":{"@context":"https:\/\/schema.org","@graph":[{"@type":"WebPage","@id":"https:\/\/chinafoods.ch\/kantonesische-kueche-sinmei-cheung\/","url":"https:\/\/chinafoods.ch\/kantonesische-kueche-sinmei-cheung\/","name":"\u7ca4\u83dc - Sinmei Cheung | \u4e2d\u56fd\u98df\u54c1\u8054\u76df","isPartOf":{"@id":"https:\/\/chinafoods.ch\/#website"},"datePublished":"2025-07-26T16:35:52+00:00","dateModified":"2025-07-26T16:39:00+00:00","description":"\u53a8\u5e08\u517c\u7f8e\u98df\u987e\u95ee Sinmei Cheung \u5c55\u793a\u4e86\u7ca4\u83dc\u7684\u591a\u6837\u6027\u5982\u4f55\u4e0e\u65b0\u9c9c\u7684\u745e\u58eb\u98df\u6750\u76f8\u7ed3\u5408\u3002","breadcrumb":{"@id":"https:\/\/chinafoods.ch\/kantonesische-kueche-sinmei-cheung\/#breadcrumb"},"inLanguage":"zh-Hans","potentialAction":[{"@type":"ReadAction","target":["https:\/\/chinafoods.ch\/kantonesische-kueche-sinmei-cheung\/"]}]},{"@type":"BreadcrumbList","@id":"https:\/\/chinafoods.ch\/kantonesische-kueche-sinmei-cheung\/#breadcrumb","itemListElement":[{"@type":"ListItem","position":1,"name":"Startseite","item":"https:\/\/chinafoods.ch\/"},{"@type":"ListItem","position":2,"name":"Kantonesische K\u00fcche Sinmei Cheung"}]},{"@type":"WebSite","@id":"https:\/\/chinafoods.ch\/#website","url":"https:\/\/chinafoods.ch\/","name":"\u4e2d\u56fd\u98df\u54c1\u8054\u76df","description":"\u6211\u4eec\u642d\u5efa\u70f9\u996a\u6865\u6881","publisher":{"@id":"https:\/\/chinafoods.ch\/#organization"},"alternateName":"mybow gmbh","potentialAction":[{"@type":"SearchAction","target":{"@type":"EntryPoint","urlTemplate":"https:\/\/chinafoods.ch\/?s={search_term_string}"},"query-input":{"@type":"PropertyValueSpecification","valueRequired":true,"valueName":"search_term_string"}}],"inLanguage":"zh-Hans"},{"@type":"Organization","@id":"https:\/\/chinafoods.ch\/#organization","name":"\u4e2d\u56fd\u98df\u54c1","alternateName":"mybow gmbh","url":"https:\/\/chinafoods.ch\/","logo":{"@type":"ImageObject","inLanguage":"zh-Hans","@id":"https:\/\/chinafoods.ch\/#\/schema\/logo\/image\/","url":"https:\/\/chinafoods.ch\/wp-content\/uploads\/2025\/05\/CFA-logos-15.png","contentUrl":"https:\/\/chinafoods.ch\/wp-content\/uploads\/2025\/05\/CFA-logos-15.png","width":1563,"height":1563,"caption":"China Foods"},"image":{"@id":"https:\/\/chinafoods.ch\/#\/schema\/logo\/image\/"},"sameAs":["https:\/\/www.facebook.com\/chinafoods.ch"]}]}},"_links":{"self":[{"href":"https:\/\/chinafoods.ch\/zh\/wp-json\/wp\/v2\/pages\/1227","targetHints":{"allow":["GET"]}}],"collection":[{"href":"https:\/\/chinafoods.ch\/zh\/wp-json\/wp\/v2\/pages"}],"about":[{"href":"https:\/\/chinafoods.ch\/zh\/wp-json\/wp\/v2\/types\/page"}],"author":[{"embeddable":true,"href":"https:\/\/chinafoods.ch\/zh\/wp-json\/wp\/v2\/users\/7"}],"replies":[{"embeddable":true,"href":"https:\/\/chinafoods.ch\/zh\/wp-json\/wp\/v2\/comments?post=1227"}],"version-history":[{"count":0,"href":"https:\/\/chinafoods.ch\/zh\/wp-json\/wp\/v2\/pages\/1227\/revisions"}],"wp:attachment":[{"href":"https:\/\/chinafoods.ch\/zh\/wp-json\/wp\/v2\/media?parent=1227"}],"curies":[{"name":"wp","href":"https:\/\/api.w.org\/{rel}","templated":true}]}}