{"id":1191,"date":"2025-07-24T15:35:21","date_gmt":"2025-07-24T15:35:21","guid":{"rendered":"https:\/\/chinafoods.ch\/?page_id=1191"},"modified":"2025-07-25T05:25:51","modified_gmt":"2025-07-25T05:25:51","slug":"jia-wei-genf","status":"publish","type":"page","link":"https:\/\/chinafoods.ch\/zh\/jia-wei-genf\/","title":{"rendered":"Jia Wei Geneva"},"content":{"rendered":"","protected":false},"excerpt":{"rendered":"","protected":false},"author":7,"featured_media":0,"parent":0,"menu_order":0,"comment_status":"closed","ping_status":"closed","template":"","meta":{"_monsterinsights_skip_tracking":false,"_monsterinsights_sitenote_active":false,"_monsterinsights_sitenote_note":"","_monsterinsights_sitenote_category":0,"footnotes":""},"class_list":["post-1191","page","type-page","status-publish","hentry"],"yoast_head":"<!-- This site is optimized with the Yoast SEO plugin v27.5 - https:\/\/yoast.com\/product\/yoast-seo-wordpress\/ -->\n<title>Jia Wei Chinesische K\u00fcche neu interpretiert | China Foods Alliance<\/title>\n<meta name=\"description\" content=\"Jia Wei Genf verbindet moderne chinesische K\u00fcche mit Sichuan-Aromen, hausgemachten Spezialit\u00e4ten und pers\u00f6nlicher Gastfreundschaft.\" \/>\n<meta name=\"robots\" content=\"index, follow, max-snippet:-1, max-image-preview:large, max-video-preview:-1\" \/>\n<link rel=\"canonical\" href=\"https:\/\/chinafoods.ch\/zh\/jia-wei-genf\/\" \/>\n<meta property=\"og:locale\" content=\"zh_CN\" \/>\n<meta property=\"og:type\" content=\"article\" \/>\n<meta property=\"og:title\" content=\"Jia Wei Chinesische K\u00fcche neu interpretiert | China Foods Alliance\" \/>\n<meta property=\"og:description\" content=\"Jia Wei Genf verbindet moderne chinesische K\u00fcche mit Sichuan-Aromen, hausgemachten Spezialit\u00e4ten und pers\u00f6nlicher Gastfreundschaft.\" \/>\n<meta property=\"og:url\" content=\"https:\/\/chinafoods.ch\/zh\/jia-wei-genf\/\" \/>\n<meta property=\"og:site_name\" content=\"China Foods Alliance\" \/>\n<meta property=\"article:publisher\" content=\"https:\/\/www.facebook.com\/chinafoods.ch\" \/>\n<meta property=\"article:modified_time\" content=\"2025-07-25T05:25:51+00:00\" \/>\n<meta property=\"og:image\" content=\"https:\/\/chinafoods.ch\/wp-content\/uploads\/2025\/07\/China-Foods-Alliance-Jia-Wei-Geneve-1.webp\" \/>\n\t<meta property=\"og:image:width\" content=\"1000\" \/>\n\t<meta property=\"og:image:height\" content=\"750\" \/>\n\t<meta property=\"og:image:type\" content=\"image\/webp\" \/>\n<meta name=\"twitter:card\" content=\"summary_large_image\" \/>\n<meta name=\"twitter:label1\" content=\"\u9884\u8ba1\u9605\u8bfb\u65f6\u95f4\" \/>\n\t<meta name=\"twitter:data1\" content=\"6 \u5206\" \/>\n<script type=\"application\/ld+json\" class=\"yoast-schema-graph\">{\"@context\":\"https:\\\/\\\/schema.org\",\"@graph\":[{\"@type\":\"WebPage\",\"@id\":\"https:\\\/\\\/chinafoods.ch\\\/jia-wei-genf\\\/\",\"url\":\"https:\\\/\\\/chinafoods.ch\\\/jia-wei-genf\\\/\",\"name\":\"Jia Wei Chinesische K\u00fcche neu interpretiert | China Foods Alliance\",\"isPartOf\":{\"@id\":\"https:\\\/\\\/chinafoods.ch\\\/#website\"},\"datePublished\":\"2025-07-24T15:35:21+00:00\",\"dateModified\":\"2025-07-25T05:25:51+00:00\",\"description\":\"Jia Wei Genf verbindet moderne chinesische K\u00fcche mit Sichuan-Aromen, hausgemachten Spezialit\u00e4ten und pers\u00f6nlicher Gastfreundschaft.\",\"breadcrumb\":{\"@id\":\"https:\\\/\\\/chinafoods.ch\\\/jia-wei-genf\\\/#breadcrumb\"},\"inLanguage\":\"zh-Hans\",\"potentialAction\":[{\"@type\":\"ReadAction\",\"target\":[\"https:\\\/\\\/chinafoods.ch\\\/jia-wei-genf\\\/\"]}]},{\"@type\":\"BreadcrumbList\",\"@id\":\"https:\\\/\\\/chinafoods.ch\\\/jia-wei-genf\\\/#breadcrumb\",\"itemListElement\":[{\"@type\":\"ListItem\",\"position\":1,\"name\":\"Startseite\",\"item\":\"https:\\\/\\\/chinafoods.ch\\\/\"},{\"@type\":\"ListItem\",\"position\":2,\"name\":\"Jia Wei Genf\"}]},{\"@type\":\"WebSite\",\"@id\":\"https:\\\/\\\/chinafoods.ch\\\/#website\",\"url\":\"https:\\\/\\\/chinafoods.ch\\\/\",\"name\":\"China Foods Alliance\",\"description\":\"We build culinary bridges\",\"publisher\":{\"@id\":\"https:\\\/\\\/chinafoods.ch\\\/#organization\"},\"alternateName\":\"mybow gmbh\",\"potentialAction\":[{\"@type\":\"SearchAction\",\"target\":{\"@type\":\"EntryPoint\",\"urlTemplate\":\"https:\\\/\\\/chinafoods.ch\\\/?s={search_term_string}\"},\"query-input\":{\"@type\":\"PropertyValueSpecification\",\"valueRequired\":true,\"valueName\":\"search_term_string\"}}],\"inLanguage\":\"zh-Hans\"},{\"@type\":\"Organization\",\"@id\":\"https:\\\/\\\/chinafoods.ch\\\/#organization\",\"name\":\"China Foods\",\"alternateName\":\"mybow gmbh\",\"url\":\"https:\\\/\\\/chinafoods.ch\\\/\",\"logo\":{\"@type\":\"ImageObject\",\"inLanguage\":\"zh-Hans\",\"@id\":\"https:\\\/\\\/chinafoods.ch\\\/#\\\/schema\\\/logo\\\/image\\\/\",\"url\":\"https:\\\/\\\/chinafoods.ch\\\/wp-content\\\/uploads\\\/2025\\\/05\\\/CFA-logos-15.png\",\"contentUrl\":\"https:\\\/\\\/chinafoods.ch\\\/wp-content\\\/uploads\\\/2025\\\/05\\\/CFA-logos-15.png\",\"width\":1563,\"height\":1563,\"caption\":\"China Foods\"},\"image\":{\"@id\":\"https:\\\/\\\/chinafoods.ch\\\/#\\\/schema\\\/logo\\\/image\\\/\"},\"sameAs\":[\"https:\\\/\\\/www.facebook.com\\\/chinafoods.ch\"]}]}<\/script>\n<!-- \/ Yoast SEO plugin. -->","yoast_head_json":{"title":"\u91cd\u65b0\u8be0\u91ca\u7684\u4e2d\u56fd\u7f8e\u98df | \u4e2d\u56fd\u98df\u54c1\u8054\u76df","description":"Jia Wei Geneva \u5c06\u73b0\u4ee3\u4e2d\u5f0f\u83dc\u80b4\u4e0e\u56db\u5ddd\u98ce\u5473\u3001\u81ea\u5236\u7279\u8272\u83dc\u548c\u70ed\u60c5\u597d\u5ba2\u878d\u4e3a\u4e00\u4f53\u3002.","robots":{"index":"index","follow":"follow","max-snippet":"max-snippet:-1","max-image-preview":"max-image-preview:large","max-video-preview":"max-video-preview:-1"},"canonical":"https:\/\/chinafoods.ch\/zh\/jia-wei-genf\/","og_locale":"zh_CN","og_type":"article","og_title":"Jia Wei Chinesische K\u00fcche neu interpretiert | China Foods Alliance","og_description":"Jia Wei Genf verbindet moderne chinesische K\u00fcche mit Sichuan-Aromen, hausgemachten Spezialit\u00e4ten und pers\u00f6nlicher Gastfreundschaft.","og_url":"https:\/\/chinafoods.ch\/zh\/jia-wei-genf\/","og_site_name":"China Foods Alliance","article_publisher":"https:\/\/www.facebook.com\/chinafoods.ch","article_modified_time":"2025-07-25T05:25:51+00:00","og_image":[{"width":1000,"height":750,"url":"https:\/\/chinafoods.ch\/wp-content\/uploads\/2025\/07\/China-Foods-Alliance-Jia-Wei-Geneve-1.webp","type":"image\/webp"}],"twitter_card":"summary_large_image","twitter_misc":{"\u9884\u8ba1\u9605\u8bfb\u65f6\u95f4":"6 \u5206"},"schema":{"@context":"https:\/\/schema.org","@graph":[{"@type":"WebPage","@id":"https:\/\/chinafoods.ch\/jia-wei-genf\/","url":"https:\/\/chinafoods.ch\/jia-wei-genf\/","name":"\u91cd\u65b0\u8be0\u91ca\u7684\u4e2d\u56fd\u7f8e\u98df | \u4e2d\u56fd\u98df\u54c1\u8054\u76df","isPartOf":{"@id":"https:\/\/chinafoods.ch\/#website"},"datePublished":"2025-07-24T15:35:21+00:00","dateModified":"2025-07-25T05:25:51+00:00","description":"Jia Wei Geneva \u5c06\u73b0\u4ee3\u4e2d\u5f0f\u83dc\u80b4\u4e0e\u56db\u5ddd\u98ce\u5473\u3001\u81ea\u5236\u7279\u8272\u83dc\u548c\u70ed\u60c5\u597d\u5ba2\u878d\u4e3a\u4e00\u4f53\u3002.","breadcrumb":{"@id":"https:\/\/chinafoods.ch\/jia-wei-genf\/#breadcrumb"},"inLanguage":"zh-Hans","potentialAction":[{"@type":"ReadAction","target":["https:\/\/chinafoods.ch\/jia-wei-genf\/"]}]},{"@type":"BreadcrumbList","@id":"https:\/\/chinafoods.ch\/jia-wei-genf\/#breadcrumb","itemListElement":[{"@type":"ListItem","position":1,"name":"Startseite","item":"https:\/\/chinafoods.ch\/"},{"@type":"ListItem","position":2,"name":"Jia Wei Genf"}]},{"@type":"WebSite","@id":"https:\/\/chinafoods.ch\/#website","url":"https:\/\/chinafoods.ch\/","name":"\u4e2d\u56fd\u98df\u54c1\u8054\u76df","description":"\u6211\u4eec\u642d\u5efa\u70f9\u996a\u6865\u6881","publisher":{"@id":"https:\/\/chinafoods.ch\/#organization"},"alternateName":"mybow gmbh","potentialAction":[{"@type":"SearchAction","target":{"@type":"EntryPoint","urlTemplate":"https:\/\/chinafoods.ch\/?s={search_term_string}"},"query-input":{"@type":"PropertyValueSpecification","valueRequired":true,"valueName":"search_term_string"}}],"inLanguage":"zh-Hans"},{"@type":"Organization","@id":"https:\/\/chinafoods.ch\/#organization","name":"\u4e2d\u56fd\u98df\u54c1","alternateName":"mybow gmbh","url":"https:\/\/chinafoods.ch\/","logo":{"@type":"ImageObject","inLanguage":"zh-Hans","@id":"https:\/\/chinafoods.ch\/#\/schema\/logo\/image\/","url":"https:\/\/chinafoods.ch\/wp-content\/uploads\/2025\/05\/CFA-logos-15.png","contentUrl":"https:\/\/chinafoods.ch\/wp-content\/uploads\/2025\/05\/CFA-logos-15.png","width":1563,"height":1563,"caption":"China Foods"},"image":{"@id":"https:\/\/chinafoods.ch\/#\/schema\/logo\/image\/"},"sameAs":["https:\/\/www.facebook.com\/chinafoods.ch"]}]}},"_links":{"self":[{"href":"https:\/\/chinafoods.ch\/zh\/wp-json\/wp\/v2\/pages\/1191","targetHints":{"allow":["GET"]}}],"collection":[{"href":"https:\/\/chinafoods.ch\/zh\/wp-json\/wp\/v2\/pages"}],"about":[{"href":"https:\/\/chinafoods.ch\/zh\/wp-json\/wp\/v2\/types\/page"}],"author":[{"embeddable":true,"href":"https:\/\/chinafoods.ch\/zh\/wp-json\/wp\/v2\/users\/7"}],"replies":[{"embeddable":true,"href":"https:\/\/chinafoods.ch\/zh\/wp-json\/wp\/v2\/comments?post=1191"}],"version-history":[{"count":0,"href":"https:\/\/chinafoods.ch\/zh\/wp-json\/wp\/v2\/pages\/1191\/revisions"}],"wp:attachment":[{"href":"https:\/\/chinafoods.ch\/zh\/wp-json\/wp\/v2\/media?parent=1191"}],"curies":[{"name":"wp","href":"https:\/\/api.w.org\/{rel}","templated":true}]}}