{"id":1274,"date":"2025-07-29T08:01:29","date_gmt":"2025-07-29T08:01:29","guid":{"rendered":"https:\/\/chinafoods.ch\/?page_id=1274"},"modified":"2025-07-29T08:35:34","modified_gmt":"2025-07-29T08:35:34","slug":"sichuan-kueche","status":"publish","type":"page","link":"https:\/\/chinafoods.ch\/fr\/sichuan-kueche\/","title":{"rendered":"Cuisine du Sichuan"},"content":{"rendered":"","protected":false},"excerpt":{"rendered":"","protected":false},"author":7,"featured_media":0,"parent":0,"menu_order":0,"comment_status":"closed","ping_status":"closed","template":"","meta":{"_monsterinsights_skip_tracking":false,"_monsterinsights_sitenote_active":false,"_monsterinsights_sitenote_note":"","_monsterinsights_sitenote_category":0,"footnotes":""},"class_list":["post-1274","page","type-page","status-publish","hentry"],"yoast_head":"<!-- This site is optimized with the Yoast SEO plugin v27.3 - https:\/\/yoast.com\/product\/yoast-seo-wordpress\/ -->\n<title>Sichuan - Kochkunst mit Pfeffer &amp; Chili | China Foods Alliance\u00ae<\/title>\n<meta name=\"description\" content=\"Erfahre alles \u00fcber die Sichuan K\u00fcche Chinas: Scharfe Aromen, \u201emala\u201c-W\u00fcrze &amp; Klassiker wie Mapo Tofu, Kung Pao Chicken &amp; Hot Pot.\" \/>\n<meta name=\"robots\" content=\"index, follow, max-snippet:-1, max-image-preview:large, max-video-preview:-1\" \/>\n<link rel=\"canonical\" href=\"https:\/\/chinafoods.ch\/fr\/sichuan-kueche\/\" \/>\n<meta property=\"og:locale\" content=\"fr_FR\" \/>\n<meta property=\"og:type\" content=\"article\" \/>\n<meta property=\"og:title\" content=\"Sichuan - Kochkunst mit Pfeffer &amp; Chili | China Foods Alliance\u00ae\" \/>\n<meta property=\"og:description\" content=\"Erfahre alles \u00fcber die Sichuan K\u00fcche Chinas: Scharfe Aromen, \u201emala\u201c-W\u00fcrze &amp; Klassiker wie Mapo Tofu, Kung Pao Chicken &amp; Hot Pot.\" \/>\n<meta property=\"og:url\" content=\"https:\/\/chinafoods.ch\/fr\/sichuan-kueche\/\" \/>\n<meta property=\"og:site_name\" content=\"China Foods Alliance\" \/>\n<meta property=\"article:publisher\" content=\"https:\/\/www.facebook.com\/chinafoods.ch\" \/>\n<meta property=\"article:modified_time\" content=\"2025-07-29T08:35:34+00:00\" \/>\n<meta property=\"og:image\" content=\"https:\/\/chinafoods.ch\/wp-content\/uploads\/2025\/07\/China-Foods-Alliance-Sichuan-Kueche-4.webp\" \/>\n\t<meta property=\"og:image:width\" content=\"709\" \/>\n\t<meta property=\"og:image:height\" content=\"1000\" \/>\n\t<meta property=\"og:image:type\" content=\"image\/webp\" \/>\n<meta name=\"twitter:card\" content=\"summary_large_image\" \/>\n<meta name=\"twitter:label1\" content=\"Dur\u00e9e de lecture estim\u00e9e\" \/>\n\t<meta name=\"twitter:data1\" content=\"3 minutes\" \/>\n<script type=\"application\/ld+json\" class=\"yoast-schema-graph\">{\"@context\":\"https:\\\/\\\/schema.org\",\"@graph\":[{\"@type\":\"WebPage\",\"@id\":\"https:\\\/\\\/chinafoods.ch\\\/sichuan-kueche\\\/\",\"url\":\"https:\\\/\\\/chinafoods.ch\\\/sichuan-kueche\\\/\",\"name\":\"Sichuan - Kochkunst mit Pfeffer & Chili | China Foods Alliance\u00ae\",\"isPartOf\":{\"@id\":\"https:\\\/\\\/chinafoods.ch\\\/#website\"},\"datePublished\":\"2025-07-29T08:01:29+00:00\",\"dateModified\":\"2025-07-29T08:35:34+00:00\",\"description\":\"Erfahre alles \u00fcber die Sichuan K\u00fcche Chinas: Scharfe Aromen, \u201emala\u201c-W\u00fcrze & Klassiker wie Mapo Tofu, Kung Pao Chicken & Hot Pot.\",\"breadcrumb\":{\"@id\":\"https:\\\/\\\/chinafoods.ch\\\/sichuan-kueche\\\/#breadcrumb\"},\"inLanguage\":\"fr-FR\",\"potentialAction\":[{\"@type\":\"ReadAction\",\"target\":[\"https:\\\/\\\/chinafoods.ch\\\/sichuan-kueche\\\/\"]}]},{\"@type\":\"BreadcrumbList\",\"@id\":\"https:\\\/\\\/chinafoods.ch\\\/sichuan-kueche\\\/#breadcrumb\",\"itemListElement\":[{\"@type\":\"ListItem\",\"position\":1,\"name\":\"Startseite\",\"item\":\"https:\\\/\\\/chinafoods.ch\\\/\"},{\"@type\":\"ListItem\",\"position\":2,\"name\":\"Sichuan K\u00fcche\"}]},{\"@type\":\"WebSite\",\"@id\":\"https:\\\/\\\/chinafoods.ch\\\/#website\",\"url\":\"https:\\\/\\\/chinafoods.ch\\\/\",\"name\":\"China Foods Alliance\",\"description\":\"We build culinary bridges\",\"publisher\":{\"@id\":\"https:\\\/\\\/chinafoods.ch\\\/#organization\"},\"alternateName\":\"mybow gmbh\",\"potentialAction\":[{\"@type\":\"SearchAction\",\"target\":{\"@type\":\"EntryPoint\",\"urlTemplate\":\"https:\\\/\\\/chinafoods.ch\\\/?s={search_term_string}\"},\"query-input\":{\"@type\":\"PropertyValueSpecification\",\"valueRequired\":true,\"valueName\":\"search_term_string\"}}],\"inLanguage\":\"fr-FR\"},{\"@type\":\"Organization\",\"@id\":\"https:\\\/\\\/chinafoods.ch\\\/#organization\",\"name\":\"China Foods\",\"alternateName\":\"mybow gmbh\",\"url\":\"https:\\\/\\\/chinafoods.ch\\\/\",\"logo\":{\"@type\":\"ImageObject\",\"inLanguage\":\"fr-FR\",\"@id\":\"https:\\\/\\\/chinafoods.ch\\\/#\\\/schema\\\/logo\\\/image\\\/\",\"url\":\"https:\\\/\\\/chinafoods.ch\\\/wp-content\\\/uploads\\\/2025\\\/05\\\/CFA-logos-15.png\",\"contentUrl\":\"https:\\\/\\\/chinafoods.ch\\\/wp-content\\\/uploads\\\/2025\\\/05\\\/CFA-logos-15.png\",\"width\":1563,\"height\":1563,\"caption\":\"China Foods\"},\"image\":{\"@id\":\"https:\\\/\\\/chinafoods.ch\\\/#\\\/schema\\\/logo\\\/image\\\/\"},\"sameAs\":[\"https:\\\/\\\/www.facebook.com\\\/chinafoods.ch\"]}]}<\/script>\n<!-- \/ Yoast SEO plugin. -->","yoast_head_json":{"title":"Sichuan - L'art culinaire au poivre et au chili | China Foods Alliance\u00ae.","description":"Apprends tout sur la cuisine du Sichuan en Chine : saveurs \u00e9pic\u00e9es, \u00e9pices \u201emala\u201c &amp; classiques comme le tofu Mapo, le poulet Kung Pao &amp; le Hot Pot.","robots":{"index":"index","follow":"follow","max-snippet":"max-snippet:-1","max-image-preview":"max-image-preview:large","max-video-preview":"max-video-preview:-1"},"canonical":"https:\/\/chinafoods.ch\/fr\/sichuan-kueche\/","og_locale":"fr_FR","og_type":"article","og_title":"Sichuan - Kochkunst mit Pfeffer & Chili | China Foods Alliance\u00ae","og_description":"Erfahre alles \u00fcber die Sichuan K\u00fcche Chinas: Scharfe Aromen, \u201emala\u201c-W\u00fcrze & Klassiker wie Mapo Tofu, Kung Pao Chicken & Hot Pot.","og_url":"https:\/\/chinafoods.ch\/fr\/sichuan-kueche\/","og_site_name":"China Foods Alliance","article_publisher":"https:\/\/www.facebook.com\/chinafoods.ch","article_modified_time":"2025-07-29T08:35:34+00:00","og_image":[{"width":709,"height":1000,"url":"https:\/\/chinafoods.ch\/wp-content\/uploads\/2025\/07\/China-Foods-Alliance-Sichuan-Kueche-4.webp","type":"image\/webp"}],"twitter_card":"summary_large_image","twitter_misc":{"Dur\u00e9e de lecture estim\u00e9e":"3 minutes"},"schema":{"@context":"https:\/\/schema.org","@graph":[{"@type":"WebPage","@id":"https:\/\/chinafoods.ch\/sichuan-kueche\/","url":"https:\/\/chinafoods.ch\/sichuan-kueche\/","name":"Sichuan - L'art culinaire au poivre et au chili | China Foods Alliance\u00ae.","isPartOf":{"@id":"https:\/\/chinafoods.ch\/#website"},"datePublished":"2025-07-29T08:01:29+00:00","dateModified":"2025-07-29T08:35:34+00:00","description":"Apprends tout sur la cuisine du Sichuan en Chine : saveurs \u00e9pic\u00e9es, \u00e9pices \u201emala\u201c &amp; classiques comme le tofu Mapo, le poulet Kung Pao &amp; le Hot Pot.","breadcrumb":{"@id":"https:\/\/chinafoods.ch\/sichuan-kueche\/#breadcrumb"},"inLanguage":"fr-FR","potentialAction":[{"@type":"ReadAction","target":["https:\/\/chinafoods.ch\/sichuan-kueche\/"]}]},{"@type":"BreadcrumbList","@id":"https:\/\/chinafoods.ch\/sichuan-kueche\/#breadcrumb","itemListElement":[{"@type":"ListItem","position":1,"name":"Startseite","item":"https:\/\/chinafoods.ch\/"},{"@type":"ListItem","position":2,"name":"Sichuan K\u00fcche"}]},{"@type":"WebSite","@id":"https:\/\/chinafoods.ch\/#website","url":"https:\/\/chinafoods.ch\/","name":"China Foods Alliance","description":"Nous construisons des ponts culinaires","publisher":{"@id":"https:\/\/chinafoods.ch\/#organization"},"alternateName":"mybow gmbh","potentialAction":[{"@type":"SearchAction","target":{"@type":"EntryPoint","urlTemplate":"https:\/\/chinafoods.ch\/?s={search_term_string}"},"query-input":{"@type":"PropertyValueSpecification","valueRequired":true,"valueName":"search_term_string"}}],"inLanguage":"fr-FR"},{"@type":"Organization","@id":"https:\/\/chinafoods.ch\/#organization","name":"Chine Foods","alternateName":"mybow gmbh","url":"https:\/\/chinafoods.ch\/","logo":{"@type":"ImageObject","inLanguage":"fr-FR","@id":"https:\/\/chinafoods.ch\/#\/schema\/logo\/image\/","url":"https:\/\/chinafoods.ch\/wp-content\/uploads\/2025\/05\/CFA-logos-15.png","contentUrl":"https:\/\/chinafoods.ch\/wp-content\/uploads\/2025\/05\/CFA-logos-15.png","width":1563,"height":1563,"caption":"China Foods"},"image":{"@id":"https:\/\/chinafoods.ch\/#\/schema\/logo\/image\/"},"sameAs":["https:\/\/www.facebook.com\/chinafoods.ch"]}]}},"_links":{"self":[{"href":"https:\/\/chinafoods.ch\/fr\/wp-json\/wp\/v2\/pages\/1274","targetHints":{"allow":["GET"]}}],"collection":[{"href":"https:\/\/chinafoods.ch\/fr\/wp-json\/wp\/v2\/pages"}],"about":[{"href":"https:\/\/chinafoods.ch\/fr\/wp-json\/wp\/v2\/types\/page"}],"author":[{"embeddable":true,"href":"https:\/\/chinafoods.ch\/fr\/wp-json\/wp\/v2\/users\/7"}],"replies":[{"embeddable":true,"href":"https:\/\/chinafoods.ch\/fr\/wp-json\/wp\/v2\/comments?post=1274"}],"version-history":[{"count":2,"href":"https:\/\/chinafoods.ch\/fr\/wp-json\/wp\/v2\/pages\/1274\/revisions"}],"predecessor-version":[{"id":1276,"href":"https:\/\/chinafoods.ch\/fr\/wp-json\/wp\/v2\/pages\/1274\/revisions\/1276"}],"wp:attachment":[{"href":"https:\/\/chinafoods.ch\/fr\/wp-json\/wp\/v2\/media?parent=1274"}],"curies":[{"name":"wp","href":"https:\/\/api.w.org\/{rel}","templated":true}]}}