{"id":1392,"date":"2024-11-03T15:35:27","date_gmt":"2024-11-03T15:35:27","guid":{"rendered":"https:\/\/chinafoods.ch\/?page_id=1392"},"modified":"2025-08-01T16:38:36","modified_gmt":"2025-08-01T16:38:36","slug":"chaoshan-kueche-traditionelle-spezialitaeten","status":"publish","type":"page","link":"https:\/\/chinafoods.ch\/en\/chaoshan-kueche-traditionelle-spezialitaeten\/","title":{"rendered":"Chaoshang kitchen"},"content":{"rendered":"","protected":false},"excerpt":{"rendered":"","protected":false},"author":7,"featured_media":0,"parent":0,"menu_order":0,"comment_status":"closed","ping_status":"closed","template":"","meta":{"_monsterinsights_skip_tracking":false,"_monsterinsights_sitenote_active":false,"_monsterinsights_sitenote_note":"","_monsterinsights_sitenote_category":0,"footnotes":""},"class_list":["post-1392","page","type-page","status-publish","hentry"],"yoast_head":"<!-- This site is optimized with the Yoast SEO plugin v27.3 - https:\/\/yoast.com\/product\/yoast-seo-wordpress\/ -->\n<title>Chaoshan-K\u00fcche \u2013 Tradition, Meeresfr\u00fcchte &amp; authentischer Geschmack | China Foods Alliance<\/title>\n<meta name=\"description\" content=\"Entdecke die authentische Chaoshan-K\u00fcche: Austernpfannkuchen, doppelte Zongzi &amp; Rindfleischb\u00e4llchen \u2013 eine kulinarische Reise mit Tiefe &amp; Tradition.\" \/>\n<meta name=\"robots\" content=\"index, follow, max-snippet:-1, max-image-preview:large, max-video-preview:-1\" \/>\n<link rel=\"canonical\" href=\"https:\/\/chinafoods.ch\/en\/chaoshan-kueche-traditionelle-spezialitaeten\/\" \/>\n<meta property=\"og:locale\" content=\"en_GB\" \/>\n<meta property=\"og:type\" content=\"article\" \/>\n<meta property=\"og:title\" content=\"Chaoshan-K\u00fcche \u2013 Tradition, Meeresfr\u00fcchte &amp; authentischer Geschmack | China Foods Alliance\" \/>\n<meta property=\"og:description\" content=\"Entdecke die authentische Chaoshan-K\u00fcche: Austernpfannkuchen, doppelte Zongzi &amp; Rindfleischb\u00e4llchen \u2013 eine kulinarische Reise mit Tiefe &amp; Tradition.\" \/>\n<meta property=\"og:url\" content=\"https:\/\/chinafoods.ch\/en\/chaoshan-kueche-traditionelle-spezialitaeten\/\" \/>\n<meta property=\"og:site_name\" content=\"China Foods Alliance\" \/>\n<meta property=\"article:publisher\" content=\"https:\/\/www.facebook.com\/chinafoods.ch\" \/>\n<meta property=\"article:modified_time\" content=\"2025-08-01T16:38:36+00:00\" \/>\n<meta property=\"og:image\" content=\"https:\/\/chinafoods.ch\/wp-content\/uploads\/2025\/08\/China-Foods-Alliance-Chaoshan.webp\" \/>\n\t<meta property=\"og:image:width\" content=\"658\" \/>\n\t<meta property=\"og:image:height\" content=\"503\" \/>\n\t<meta property=\"og:image:type\" content=\"image\/webp\" \/>\n<meta name=\"twitter:card\" content=\"summary_large_image\" \/>\n<meta name=\"twitter:label1\" content=\"Estimated reading time\" \/>\n\t<meta name=\"twitter:data1\" content=\"3 minutes\" \/>\n<script type=\"application\/ld+json\" class=\"yoast-schema-graph\">{\"@context\":\"https:\\\/\\\/schema.org\",\"@graph\":[{\"@type\":\"WebPage\",\"@id\":\"https:\\\/\\\/chinafoods.ch\\\/chaoshan-kueche-traditionelle-spezialitaeten\\\/\",\"url\":\"https:\\\/\\\/chinafoods.ch\\\/chaoshan-kueche-traditionelle-spezialitaeten\\\/\",\"name\":\"Chaoshan-K\u00fcche \u2013 Tradition, Meeresfr\u00fcchte & authentischer Geschmack | China Foods Alliance\",\"isPartOf\":{\"@id\":\"https:\\\/\\\/chinafoods.ch\\\/#website\"},\"datePublished\":\"2024-11-03T15:35:27+00:00\",\"dateModified\":\"2025-08-01T16:38:36+00:00\",\"description\":\"Entdecke die authentische Chaoshan-K\u00fcche: Austernpfannkuchen, doppelte Zongzi & Rindfleischb\u00e4llchen \u2013 eine kulinarische Reise mit Tiefe & Tradition.\",\"breadcrumb\":{\"@id\":\"https:\\\/\\\/chinafoods.ch\\\/chaoshan-kueche-traditionelle-spezialitaeten\\\/#breadcrumb\"},\"inLanguage\":\"en-GB\",\"potentialAction\":[{\"@type\":\"ReadAction\",\"target\":[\"https:\\\/\\\/chinafoods.ch\\\/chaoshan-kueche-traditionelle-spezialitaeten\\\/\"]}]},{\"@type\":\"BreadcrumbList\",\"@id\":\"https:\\\/\\\/chinafoods.ch\\\/chaoshan-kueche-traditionelle-spezialitaeten\\\/#breadcrumb\",\"itemListElement\":[{\"@type\":\"ListItem\",\"position\":1,\"name\":\"Startseite\",\"item\":\"https:\\\/\\\/chinafoods.ch\\\/\"},{\"@type\":\"ListItem\",\"position\":2,\"name\":\"Chaoshang K\u00fcche\"}]},{\"@type\":\"WebSite\",\"@id\":\"https:\\\/\\\/chinafoods.ch\\\/#website\",\"url\":\"https:\\\/\\\/chinafoods.ch\\\/\",\"name\":\"China Foods Alliance\",\"description\":\"We build culinary bridges\",\"publisher\":{\"@id\":\"https:\\\/\\\/chinafoods.ch\\\/#organization\"},\"alternateName\":\"mybow gmbh\",\"potentialAction\":[{\"@type\":\"SearchAction\",\"target\":{\"@type\":\"EntryPoint\",\"urlTemplate\":\"https:\\\/\\\/chinafoods.ch\\\/?s={search_term_string}\"},\"query-input\":{\"@type\":\"PropertyValueSpecification\",\"valueRequired\":true,\"valueName\":\"search_term_string\"}}],\"inLanguage\":\"en-GB\"},{\"@type\":\"Organization\",\"@id\":\"https:\\\/\\\/chinafoods.ch\\\/#organization\",\"name\":\"China Foods\",\"alternateName\":\"mybow gmbh\",\"url\":\"https:\\\/\\\/chinafoods.ch\\\/\",\"logo\":{\"@type\":\"ImageObject\",\"inLanguage\":\"en-GB\",\"@id\":\"https:\\\/\\\/chinafoods.ch\\\/#\\\/schema\\\/logo\\\/image\\\/\",\"url\":\"https:\\\/\\\/chinafoods.ch\\\/wp-content\\\/uploads\\\/2025\\\/05\\\/CFA-logos-15.png\",\"contentUrl\":\"https:\\\/\\\/chinafoods.ch\\\/wp-content\\\/uploads\\\/2025\\\/05\\\/CFA-logos-15.png\",\"width\":1563,\"height\":1563,\"caption\":\"China Foods\"},\"image\":{\"@id\":\"https:\\\/\\\/chinafoods.ch\\\/#\\\/schema\\\/logo\\\/image\\\/\"},\"sameAs\":[\"https:\\\/\\\/www.facebook.com\\\/chinafoods.ch\"]}]}<\/script>\n<!-- \/ Yoast SEO plugin. -->","yoast_head_json":{"title":"Chaoshan-K\u00fcche \u2013 Tradition, Meeresfr\u00fcchte & authentischer Geschmack | China Foods Alliance","description":"Entdecke die authentische Chaoshan-K\u00fcche: Austernpfannkuchen, doppelte Zongzi & Rindfleischb\u00e4llchen \u2013 eine kulinarische Reise mit Tiefe & Tradition.","robots":{"index":"index","follow":"follow","max-snippet":"max-snippet:-1","max-image-preview":"max-image-preview:large","max-video-preview":"max-video-preview:-1"},"canonical":"https:\/\/chinafoods.ch\/en\/chaoshan-kueche-traditionelle-spezialitaeten\/","og_locale":"en_GB","og_type":"article","og_title":"Chaoshan-K\u00fcche \u2013 Tradition, Meeresfr\u00fcchte & authentischer Geschmack | China Foods Alliance","og_description":"Entdecke die authentische Chaoshan-K\u00fcche: Austernpfannkuchen, doppelte Zongzi & Rindfleischb\u00e4llchen \u2013 eine kulinarische Reise mit Tiefe & Tradition.","og_url":"https:\/\/chinafoods.ch\/en\/chaoshan-kueche-traditionelle-spezialitaeten\/","og_site_name":"China Foods Alliance","article_publisher":"https:\/\/www.facebook.com\/chinafoods.ch","article_modified_time":"2025-08-01T16:38:36+00:00","og_image":[{"width":658,"height":503,"url":"https:\/\/chinafoods.ch\/wp-content\/uploads\/2025\/08\/China-Foods-Alliance-Chaoshan.webp","type":"image\/webp"}],"twitter_card":"summary_large_image","twitter_misc":{"Estimated reading time":"3 minutes"},"schema":{"@context":"https:\/\/schema.org","@graph":[{"@type":"WebPage","@id":"https:\/\/chinafoods.ch\/chaoshan-kueche-traditionelle-spezialitaeten\/","url":"https:\/\/chinafoods.ch\/chaoshan-kueche-traditionelle-spezialitaeten\/","name":"Chaoshan-K\u00fcche \u2013 Tradition, Meeresfr\u00fcchte & authentischer Geschmack | China Foods Alliance","isPartOf":{"@id":"https:\/\/chinafoods.ch\/#website"},"datePublished":"2024-11-03T15:35:27+00:00","dateModified":"2025-08-01T16:38:36+00:00","description":"Entdecke die authentische Chaoshan-K\u00fcche: Austernpfannkuchen, doppelte Zongzi & Rindfleischb\u00e4llchen \u2013 eine kulinarische Reise mit Tiefe & Tradition.","breadcrumb":{"@id":"https:\/\/chinafoods.ch\/chaoshan-kueche-traditionelle-spezialitaeten\/#breadcrumb"},"inLanguage":"en-GB","potentialAction":[{"@type":"ReadAction","target":["https:\/\/chinafoods.ch\/chaoshan-kueche-traditionelle-spezialitaeten\/"]}]},{"@type":"BreadcrumbList","@id":"https:\/\/chinafoods.ch\/chaoshan-kueche-traditionelle-spezialitaeten\/#breadcrumb","itemListElement":[{"@type":"ListItem","position":1,"name":"Startseite","item":"https:\/\/chinafoods.ch\/"},{"@type":"ListItem","position":2,"name":"Chaoshang K\u00fcche"}]},{"@type":"WebSite","@id":"https:\/\/chinafoods.ch\/#website","url":"https:\/\/chinafoods.ch\/","name":"China Foods Alliance","description":"We build culinary bridges","publisher":{"@id":"https:\/\/chinafoods.ch\/#organization"},"alternateName":"mybow gmbh","potentialAction":[{"@type":"SearchAction","target":{"@type":"EntryPoint","urlTemplate":"https:\/\/chinafoods.ch\/?s={search_term_string}"},"query-input":{"@type":"PropertyValueSpecification","valueRequired":true,"valueName":"search_term_string"}}],"inLanguage":"en-GB"},{"@type":"Organization","@id":"https:\/\/chinafoods.ch\/#organization","name":"China Foods","alternateName":"mybow gmbh","url":"https:\/\/chinafoods.ch\/","logo":{"@type":"ImageObject","inLanguage":"en-GB","@id":"https:\/\/chinafoods.ch\/#\/schema\/logo\/image\/","url":"https:\/\/chinafoods.ch\/wp-content\/uploads\/2025\/05\/CFA-logos-15.png","contentUrl":"https:\/\/chinafoods.ch\/wp-content\/uploads\/2025\/05\/CFA-logos-15.png","width":1563,"height":1563,"caption":"China Foods"},"image":{"@id":"https:\/\/chinafoods.ch\/#\/schema\/logo\/image\/"},"sameAs":["https:\/\/www.facebook.com\/chinafoods.ch"]}]}},"_links":{"self":[{"href":"https:\/\/chinafoods.ch\/en\/wp-json\/wp\/v2\/pages\/1392","targetHints":{"allow":["GET"]}}],"collection":[{"href":"https:\/\/chinafoods.ch\/en\/wp-json\/wp\/v2\/pages"}],"about":[{"href":"https:\/\/chinafoods.ch\/en\/wp-json\/wp\/v2\/types\/page"}],"author":[{"embeddable":true,"href":"https:\/\/chinafoods.ch\/en\/wp-json\/wp\/v2\/users\/7"}],"replies":[{"embeddable":true,"href":"https:\/\/chinafoods.ch\/en\/wp-json\/wp\/v2\/comments?post=1392"}],"version-history":[{"count":2,"href":"https:\/\/chinafoods.ch\/en\/wp-json\/wp\/v2\/pages\/1392\/revisions"}],"predecessor-version":[{"id":1396,"href":"https:\/\/chinafoods.ch\/en\/wp-json\/wp\/v2\/pages\/1392\/revisions\/1396"}],"wp:attachment":[{"href":"https:\/\/chinafoods.ch\/en\/wp-json\/wp\/v2\/media?parent=1392"}],"curies":[{"name":"wp","href":"https:\/\/api.w.org\/{rel}","templated":true}]}}